{"id":3001545,"date":"2021-11-06T23:13:32","date_gmt":"2021-11-06T23:13:32","guid":{"rendered":"https:\/\/mrwin.com\/?page_id=3001545"},"modified":"2021-11-06T23:19:25","modified_gmt":"2021-11-06T23:19:25","slug":"baccarat-live-dealer","status":"publish","type":"page","link":"https:\/\/mrwin.com\/sv\/live-casino\/baccarat-live-dealer\/","title":{"rendered":"Baccarat live \u00e5terf\u00f6rs\u00e4ljare"},"content":{"rendered":"","protected":false},"excerpt":{"rendered":"","protected":false},"author":1,"featured_media":0,"parent":139,"menu_order":0,"comment_status":"closed","ping_status":"closed","template":"","meta":{"_acf_changed":false,"footnotes":""},"class_list":["post-3001545","page","type-page","status-publish","hentry"],"acf":[],"_links":{"self":[{"href":"https:\/\/mrwin.com\/sv\/wp-json\/wp\/v2\/pages\/3001545","targetHints":{"allow":["GET"]}}],"collection":[{"href":"https:\/\/mrwin.com\/sv\/wp-json\/wp\/v2\/pages"}],"about":[{"href":"https:\/\/mrwin.com\/sv\/wp-json\/wp\/v2\/types\/page"}],"author":[{"embeddable":true,"href":"https:\/\/mrwin.com\/sv\/wp-json\/wp\/v2\/users\/1"}],"replies":[{"embeddable":true,"href":"https:\/\/mrwin.com\/sv\/wp-json\/wp\/v2\/comments?post=3001545"}],"version-history":[{"count":0,"href":"https:\/\/mrwin.com\/sv\/wp-json\/wp\/v2\/pages\/3001545\/revisions"}],"up":[{"embeddable":true,"href":"https:\/\/mrwin.com\/sv\/wp-json\/wp\/v2\/pages\/139"}],"wp:attachment":[{"href":"https:\/\/mrwin.com\/sv\/wp-json\/wp\/v2\/media?parent=3001545"}],"curies":[{"name":"wp","href":"https:\/\/api.w.org\/{rel}","templated":true}]}}